{"id":3292,"date":"2014-07-04T11:47:16","date_gmt":"2014-07-04T10:47:16","guid":{"rendered":"http:\/\/www.talent.upc.edu\/blog\/?page_id=3292"},"modified":"2018-07-05T12:38:56","modified_gmt":"2018-07-05T11:38:56","slug":"open-talent","status":"publish","type":"page","link":"https:\/\/upcschool.upc.edu\/blog\/open-talent\/","title":{"rendered":"Open Talent"},"content":{"rendered":"<p>Te presentamos el <strong>Ciclo de Conferencias<\/strong> <strong>Open Talent, <\/strong>un ciclo de <strong>sesiones gratuitas y en abierto<\/strong> que tiene como objetivo facilitar el acceso al conocimiento y al intercambio de experiencias en nuestras \u00e1reas de formaci\u00f3n y expertise: <strong>arquitectura, management e innovaci\u00f3n y tecnolog\u00eda.<\/strong><\/p>\n<p>A continuaci\u00f3n, podr\u00e1s consultar todo el hist\u00f3rico de conferencias Open Talent que hemos realizado hasta el momento.<\/p>\n<p><a href=\"https:\/\/upcschool.upc.edu\/blog\/wp-content\/uploads\/2013\/05\/open-talent_t.jpg\"><img loading=\"lazy\" decoding=\"async\" class=\"alignnone size-full wp-image-108\" src=\"https:\/\/upcschool.upc.edu\/blog\/wp-content\/uploads\/2013\/05\/open-talent_t.jpg\" alt=\"open talent_t\" width=\"281\" height=\"179\"><\/a><\/p>\n","protected":false},"excerpt":{"rendered":"<p>Te presentamos el Ciclo de Conferencias Open Talent, un ciclo de sesiones gratuitas y en abierto que tiene como objetivo facilitar el acceso al conocimiento y al intercambio de experiencias en nuestras \u00e1reas de formaci\u00f3n y expertise: arquitectura, management e innovaci\u00f3n y tecnolog\u00eda. A continuaci\u00f3n, podr\u00e1s consultar todo el hist\u00f3rico de conferencias Open Talent que &#8230; <a title=\"Open Talent\" class=\"read-more\" href=\"https:\/\/upcschool.upc.edu\/blog\/open-talent\/\" aria-label=\"Read more about Open Talent\">Leer m\u00e1s<\/a><\/p>\n","protected":false},"author":1,"featured_media":0,"parent":0,"menu_order":0,"comment_status":"open","ping_status":"open","template":"portfolio.php","meta":{"footnotes":""},"class_list":["post-3292","page","type-page","status-publish"],"aioseo_notices":[],"_links":{"self":[{"href":"https:\/\/upcschool.upc.edu\/blog\/wp-json\/wp\/v2\/pages\/3292","targetHints":{"allow":["GET"]}}],"collection":[{"href":"https:\/\/upcschool.upc.edu\/blog\/wp-json\/wp\/v2\/pages"}],"about":[{"href":"https:\/\/upcschool.upc.edu\/blog\/wp-json\/wp\/v2\/types\/page"}],"author":[{"embeddable":true,"href":"https:\/\/upcschool.upc.edu\/blog\/wp-json\/wp\/v2\/users\/1"}],"replies":[{"embeddable":true,"href":"https:\/\/upcschool.upc.edu\/blog\/wp-json\/wp\/v2\/comments?post=3292"}],"version-history":[{"count":12,"href":"https:\/\/upcschool.upc.edu\/blog\/wp-json\/wp\/v2\/pages\/3292\/revisions"}],"predecessor-version":[{"id":8205,"href":"https:\/\/upcschool.upc.edu\/blog\/wp-json\/wp\/v2\/pages\/3292\/revisions\/8205"}],"wp:attachment":[{"href":"https:\/\/upcschool.upc.edu\/blog\/wp-json\/wp\/v2\/media?parent=3292"}],"curies":[{"name":"wp","href":"https:\/\/api.w.org\/{rel}","templated":true}]}}