{"id":39,"date":"2013-05-17T11:18:30","date_gmt":"2013-05-17T11:18:30","guid":{"rendered":"http:\/\/www.talent.upc.edu\/blog\/?page_id=39"},"modified":"2014-07-17T08:27:44","modified_gmt":"2014-07-17T07:27:44","slug":"opent-talent-old3","status":"publish","type":"page","link":"https:\/\/upcschool.upc.edu\/blog\/opent-talent-old3\/","title":{"rendered":"Open Talent old"},"content":{"rendered":"<p>Te presentamos el <strong>Ciclo de Conferencias<\/strong>\u00a0<strong>Open Talent.\u00a0<\/strong>Se trata de un ciclo de sesiones de difusi\u00f3n del conocimiento, en forma de conferencias, talleres o mesas redondas, de car\u00e1cter gratuito y en abierto que realizamos desde la <a title=\"UPC School | M\u00e1sters y Posgrados\" href=\"http:\/\/www.talent.upc.edu\" target=\"_blank\"><strong>UPC School<\/strong><\/a> con una finalidad\u00a0claramente\u00a0divulgativa.<\/p>\n<p><a style=\"font-style: normal; line-height: 24px; text-decoration: underline;\" href=\"https:\/\/upcschool.upc.edu\/blog\/wp-content\/uploads\/2013\/05\/open-talent_t.jpg\"><img loading=\"lazy\" decoding=\"async\" class=\"wp-image-108 alignleft\" style=\"border-color: #bbbbbb; margin-top: 0.4em; background-color: #eeeeee;\" alt=\"open talent_t\" src=\"https:\/\/upcschool.upc.edu\/blog\/wp-content\/uploads\/2013\/05\/open-talent_t.jpg\" width=\"120\" height=\"120\" \/><\/a><\/p>\n<p>El prop\u00f3sito es ofrecer conocimientos especializados en el \u00e1mbito de nuestras \u00e1reas de experiencia, y lo hacemos a trav\u00e9s de ponentes de relevancia y tem\u00e1ticas de inter\u00e9s para nuestro p\u00fablico.<\/p>\n<p><a title=\"Open Talent UPC School\" href=\"https:\/\/upcschool.upc.edu\/blog\/category\/open-talent\" target=\"_blank\">Consulta aqu\u00ed toda la informaci\u00f3n sobre los \u00faltimos Open Talent<\/a><\/p>\n<p><a href=\"https:\/\/upcschool.upc.edu\/blog\/wp-content\/uploads\/2013\/05\/DSC_5157.jpg\"><img loading=\"lazy\" decoding=\"async\" class=\" wp-image-1903 alignnone\" alt=\"Open Talent Videojuegos\" src=\"https:\/\/upcschool.upc.edu\/blog\/wp-content\/uploads\/2013\/05\/DSC_5157-300x199.jpg\" width=\"200\" height=\"100\" \/><\/a><a href=\"https:\/\/upcschool.upc.edu\/blog\/wp-content\/uploads\/2013\/05\/DSC2942.jpg\"><img loading=\"lazy\" decoding=\"async\" class=\"wp-image-1917 alignnone\" alt=\"_DSC2942\" src=\"https:\/\/upcschool.upc.edu\/blog\/wp-content\/uploads\/2013\/05\/DSC2942-300x200.jpg\" width=\"200\" height=\"100\" \/><\/a><\/p>\n<p><a href=\"https:\/\/upcschool.upc.edu\/blog\/wp-content\/uploads\/2013\/05\/DSC_4026.jpg\"><img loading=\"lazy\" decoding=\"async\" class=\"wp-image-1920 alignnone\" alt=\"DSC_4026\" src=\"https:\/\/upcschool.upc.edu\/blog\/wp-content\/uploads\/2013\/05\/DSC_4026-300x199.jpg\" width=\"200\" height=\"100\" \/><\/a><a href=\"https:\/\/upcschool.upc.edu\/blog\/wp-content\/uploads\/2013\/05\/DSC_4002.jpg\"><img loading=\"lazy\" decoding=\"async\" class=\" wp-image-1921 alignnone\" alt=\"DSC_4002\" src=\"https:\/\/upcschool.upc.edu\/blog\/wp-content\/uploads\/2013\/05\/DSC_4002-300x199.jpg\" width=\"200\" height=\"100\" \/><\/a><a href=\"https:\/\/upcschool.upc.edu\/blog\/wp-content\/uploads\/2013\/05\/DSC1574.jpg\"><img loading=\"lazy\" decoding=\"async\" class=\"wp-image-1923 alignnone\" alt=\"_DSC1574\" src=\"https:\/\/upcschool.upc.edu\/blog\/wp-content\/uploads\/2013\/05\/DSC1574-300x199.jpg\" width=\"200\" height=\"100\" \/><\/a><img loading=\"lazy\" decoding=\"async\" class=\"wp-image-1925 alignnone\" style=\"color: #333333; font-style: normal; border-color: #bbbbbb; background-color: #eeeeee;\" alt=\"DSC_3527\" src=\"https:\/\/upcschool.upc.edu\/blog\/wp-content\/uploads\/2013\/05\/DSC_3527-300x199.jpg\" width=\"200\" height=\"100\" \/><\/p>\n","protected":false},"excerpt":{"rendered":"<p>Te presentamos el Ciclo de Conferencias\u00a0Open Talent.\u00a0Se trata de un ciclo de sesiones de difusi\u00f3n del conocimiento, en forma de conferencias, talleres o mesas redondas, de car\u00e1cter gratuito y en abierto que realizamos desde la UPC School con una finalidad\u00a0claramente\u00a0divulgativa. El prop\u00f3sito es ofrecer conocimientos especializados en el \u00e1mbito de nuestras \u00e1reas de experiencia, y &#8230; <a title=\"Open Talent old\" class=\"read-more\" href=\"https:\/\/upcschool.upc.edu\/blog\/opent-talent-old3\/\" aria-label=\"Read more about Open Talent old\">Leer m\u00e1s<\/a><\/p>\n","protected":false},"author":1,"featured_media":0,"parent":0,"menu_order":0,"comment_status":"open","ping_status":"open","template":"sidebar-page.php","meta":{"footnotes":""},"class_list":["post-39","page","type-page","status-publish"],"aioseo_notices":[],"_links":{"self":[{"href":"https:\/\/upcschool.upc.edu\/blog\/wp-json\/wp\/v2\/pages\/39","targetHints":{"allow":["GET"]}}],"collection":[{"href":"https:\/\/upcschool.upc.edu\/blog\/wp-json\/wp\/v2\/pages"}],"about":[{"href":"https:\/\/upcschool.upc.edu\/blog\/wp-json\/wp\/v2\/types\/page"}],"author":[{"embeddable":true,"href":"https:\/\/upcschool.upc.edu\/blog\/wp-json\/wp\/v2\/users\/1"}],"replies":[{"embeddable":true,"href":"https:\/\/upcschool.upc.edu\/blog\/wp-json\/wp\/v2\/comments?post=39"}],"version-history":[{"count":34,"href":"https:\/\/upcschool.upc.edu\/blog\/wp-json\/wp\/v2\/pages\/39\/revisions"}],"predecessor-version":[{"id":3384,"href":"https:\/\/upcschool.upc.edu\/blog\/wp-json\/wp\/v2\/pages\/39\/revisions\/3384"}],"wp:attachment":[{"href":"https:\/\/upcschool.upc.edu\/blog\/wp-json\/wp\/v2\/media?parent=39"}],"curies":[{"name":"wp","href":"https:\/\/api.w.org\/{rel}","templated":true}]}}