{"id":4,"date":"2013-10-08T08:14:43","date_gmt":"2013-10-08T06:14:43","guid":{"rendered":"http:\/\/www.talent.upc.edu\/blog\/?page_id=4"},"modified":"2014-07-17T08:28:07","modified_gmt":"2014-07-17T07:28:07","slug":"open-talent-old2","status":"publish","type":"page","link":"https:\/\/upcschool.upc.edu\/blog\/open-talent-old2\/?lang=ca","title":{"rendered":"Open Talent old"},"content":{"rendered":"<p>Et presentem el Cicle de <strong>Confer\u00e8ncies<\/strong>\u00a0<strong>Open Talent. \u00a0<\/strong>\u00c9s un cicle de sessions de difusi\u00f3 del coneixement, en forma de confer\u00e8ncies, tallers o taules rodones, de car\u00e0cter gratu\u00eft i en obert que realitzem des de la <a title=\"UPC School | M\u00e0sters i Postgraus\" href=\"http:\/\/www.talent.upc.edu\" target=\"_blank\">UPC School<\/a> amb una finalitat clarament divulgativa.<\/p>\n<p><img loading=\"lazy\" decoding=\"async\" class=\"wp-image-108 alignleft\" style=\"color: #333333; font-style: normal; line-height: 24px;\" alt=\"open talent_t\" src=\"https:\/\/upcschool.upc.edu\/blog\/wp-content\/uploads\/2013\/05\/open-talent_t.jpg\" width=\"120\" height=\"120\" \/><\/p>\n<p>El prop\u00f2sit \u00e9s\u00a0oferir coneixements especialitzats en l\u2019\u00e0mbit de\u00a0les nostres \u00e0rees\u00a0d\u2019expertesa, i ho fem a trav\u00e9s de ponents de rellev\u00e0ncia i tem\u00e0tiques d\u2019inter\u00e8s per al nostre p\u00fablic.<\/p>\n<p><a title=\"Open Talent UPC School\" href=\"https:\/\/upcschool.upc.edu\/blog\/category\/open-talent?lang=ca\" target=\"_blank\">Consulta aqu\u00ed tota la informaci\u00f3 sobre els darrers Open Talent<\/a><\/p>\n<p><a href=\"https:\/\/upcschool.upc.edu\/blog\/wp-content\/uploads\/2013\/05\/DSC_5157.jpg\"><img loading=\"lazy\" decoding=\"async\" class=\" wp-image-1903 alignnone\" alt=\"Open Talent Videojuegos\" src=\"https:\/\/upcschool.upc.edu\/blog\/wp-content\/uploads\/2013\/05\/DSC_5157-300x199.jpg\" width=\"200\" height=\"100\" \/><\/a><a href=\"https:\/\/upcschool.upc.edu\/blog\/wp-content\/uploads\/2013\/05\/DSC2942.jpg\"><img loading=\"lazy\" decoding=\"async\" class=\" wp-image-1917 alignnone\" alt=\"_DSC2942\" src=\"https:\/\/upcschool.upc.edu\/blog\/wp-content\/uploads\/2013\/05\/DSC2942-300x200.jpg\" width=\"200\" height=\"100\" \/><\/a><a href=\"https:\/\/upcschool.upc.edu\/blog\/wp-content\/uploads\/2013\/05\/DSC_4026.jpg\"><img loading=\"lazy\" decoding=\"async\" class=\" wp-image-1920 alignnone\" alt=\"DSC_4026\" src=\"https:\/\/upcschool.upc.edu\/blog\/wp-content\/uploads\/2013\/05\/DSC_4026-300x199.jpg\" width=\"200\" height=\"100\" \/><\/a><a href=\"https:\/\/upcschool.upc.edu\/blog\/wp-content\/uploads\/2013\/05\/DSC_4002.jpg\"><img loading=\"lazy\" decoding=\"async\" class=\" wp-image-1921 alignnone\" alt=\"DSC_4002\" src=\"https:\/\/upcschool.upc.edu\/blog\/wp-content\/uploads\/2013\/05\/DSC_4002-300x199.jpg\" width=\"200\" height=\"100\" \/><\/a><a href=\"https:\/\/upcschool.upc.edu\/blog\/wp-content\/uploads\/2013\/05\/DSC1574.jpg\"><img loading=\"lazy\" decoding=\"async\" class=\" wp-image-1923 alignnone\" alt=\"_DSC1574\" src=\"https:\/\/upcschool.upc.edu\/blog\/wp-content\/uploads\/2013\/05\/DSC1574-300x199.jpg\" width=\"200\" height=\"100\" \/><\/a><a href=\"https:\/\/upcschool.upc.edu\/blog\/wp-content\/uploads\/2013\/05\/DSC_3527.jpg\"><img loading=\"lazy\" decoding=\"async\" class=\" wp-image-1925 alignnone\" alt=\"DSC_3527\" src=\"https:\/\/upcschool.upc.edu\/blog\/wp-content\/uploads\/2013\/05\/DSC_3527-300x199.jpg\" width=\"200\" height=\"100\" \/><\/a><\/p>\n<p>&nbsp;<\/p>\n","protected":false},"excerpt":{"rendered":"<p>Et presentem el Cicle de Confer\u00e8ncies\u00a0Open Talent. \u00a0\u00c9s un cicle de sessions de difusi\u00f3 del coneixement, en forma de confer\u00e8ncies, tallers o taules rodones, de car\u00e0cter gratu\u00eft i en obert que realitzem des de la UPC School amb una finalitat clarament divulgativa. El prop\u00f2sit \u00e9s\u00a0oferir coneixements especialitzats en l\u2019\u00e0mbit de\u00a0les nostres \u00e0rees\u00a0d\u2019expertesa, i ho fem &#8230; <a title=\"Open Talent old\" class=\"read-more\" href=\"https:\/\/upcschool.upc.edu\/blog\/open-talent-old2\/?lang=ca\" aria-label=\"Read more about Open Talent old\">Leer m\u00e1s<\/a><\/p>\n","protected":false},"author":1,"featured_media":0,"parent":0,"menu_order":0,"comment_status":"open","ping_status":"open","template":"sidebar-page.php","meta":{"footnotes":""},"class_list":["post-4","page","type-page","status-publish"],"aioseo_notices":[],"_links":{"self":[{"href":"https:\/\/upcschool.upc.edu\/blog\/wp-json\/wp\/v2\/pages\/4","targetHints":{"allow":["GET"]}}],"collection":[{"href":"https:\/\/upcschool.upc.edu\/blog\/wp-json\/wp\/v2\/pages"}],"about":[{"href":"https:\/\/upcschool.upc.edu\/blog\/wp-json\/wp\/v2\/types\/page"}],"author":[{"embeddable":true,"href":"https:\/\/upcschool.upc.edu\/blog\/wp-json\/wp\/v2\/users\/1"}],"replies":[{"embeddable":true,"href":"https:\/\/upcschool.upc.edu\/blog\/wp-json\/wp\/v2\/comments?post=4"}],"version-history":[{"count":14,"href":"https:\/\/upcschool.upc.edu\/blog\/wp-json\/wp\/v2\/pages\/4\/revisions"}],"predecessor-version":[{"id":3386,"href":"https:\/\/upcschool.upc.edu\/blog\/wp-json\/wp\/v2\/pages\/4\/revisions\/3386"}],"wp:attachment":[{"href":"https:\/\/upcschool.upc.edu\/blog\/wp-json\/wp\/v2\/media?parent=4"}],"curies":[{"name":"wp","href":"https:\/\/api.w.org\/{rel}","templated":true}]}}